{"id":2,"date":"2025-06-24T21:38:10","date_gmt":"2025-06-24T21:38:10","guid":{"rendered":"https:\/\/www.nataliabielecka.com\/?page_id=2"},"modified":"2025-07-27T19:24:55","modified_gmt":"2025-07-27T19:24:55","slug":"sample-page","status":"publish","type":"page","link":"https:\/\/www.nataliabielecka.com\/?page_id=2","title":{"rendered":"O MNIE"},"content":{"rendered":"\n<p>N A T A L I A B I E L E C K A \u2013<\/p>\n\n\n\n<p>Absolwentka aktorstwa na Akademii Sztuk Teatralnych im. Stanis\u0142awa Wyspia\u0144skiego w Krakowie (rok uko\u0144czenia: 2022).<\/p>\n\n\n\n<p>Zadebiutowa\u0142a na drugim roku studi\u00f3w na deskach Narodowego Starego Teatru w Krakowie, gdzie w ramach zast\u0119pstwa przygotowa\u0142a rol\u0119 Danki w spektaklu \u201ePierwiastek z minus jeden\u201d w re\u017cyserii Agnieszki Mandat. Wsp\u00f3\u0142pracowa\u0142a z takimi teatrami jak: Teatr Bagatela w Krakowie (\u201eKr\u00f3lowa \u015bniegu\u201d re\u017c. Wojciech Leonowicz), Teatr Soho w Warszawie (\u201eKasandra\u201d re\u017c. Zofia Gustowska, Festiwal Nowe Epifanie), TR Warszawa (\u201eR.I.P. KORE. Agon_na _Olimpie\u201d re\u017c. Katarzyna Minkowska) oraz w ramach zast\u0119pstwa w \u201eMi\u0119dzy nami dobrze jest\u201d re\u017cyserii Grzegorza Jarzyny. Zagra\u0142a tak\u017ce rol\u0119 Desdemony w \u201eOtellu\u201d w re\u017cyserii Wiktora Bagi\u0144skiego, wyr\u00f3\u017cnionym podczas 9. Forum M\u0142odej Re\u017cyserii Nagrod\u0105 Debiut TR. Finalistka 15. edycji programu Teatr Polska ( spektakl \u201eniezgoda.jpg\u201d Daria Sobik re\u017c. Justyna \u0141agowska).<\/p>\n\n\n\n<p>Sezon teatralny 2023\/2024 rozpocz\u0119\u0142a w Narodowej Operze w Lyonie, wcielaj\u0105c si\u0119 w posta\u0107 Soko\u0142a w spektaklu \u201eLa femme sans ombre\/ Kobieta bez cienia\u201d Richarda Straussa w re\u017cyserii Mariusza Treli\u0144skiego.<\/p>\n\n\n\n<p>Zatrudniona jako aktorka etatowa w Teatrze Zag\u0142\u0119bia w Sosnowcu, gdzie debiutowa\u0142a rol\u0105 Kobiety z Ulicy R\u00f3wnej w spektaklu \u201eGniew\u201d re\u017c. Szymon Kaczmarek. Od tego czasu zrealizowa\u0142a tam jedena\u015bcie premier. Ostatnia &#8222;Ziemia Obiecana&#8221; W\u0142adys\u0142aw Reymont\/ Tomasz \u015apiewak w re\u017c. Mai Kleczewskiej mia\u0142a premier\u0119 14.06.2025 r. oraz zosta\u0142a zaprezentowana na Mi\u0119dzynarodowym Festiwalu Sztuk Przyjemnych i Nieprzyjemnych w \u0141odzi w ramach Pokaz\u00f3w Mistrzowskich.&nbsp;<\/p>\n\n\n\n<p><\/p>\n\n\n\n<figure class=\"wp-block-embed aligncenter is-type-video is-provider-youtube wp-block-embed-youtube wp-embed-aspect-16-9 wp-has-aspect-ratio\"><div class=\"wp-block-embed__wrapper\">\n<iframe loading=\"lazy\" title=\"Natalia Bielecka\" width=\"500\" height=\"281\" src=\"https:\/\/www.youtube.com\/embed\/videoseries?list=PLZAeptSu5Ta5osOunOVnksTft1ByXNoJ7\" frameborder=\"0\" allow=\"accelerometer; autoplay; clipboard-write; encrypted-media; gyroscope; picture-in-picture; web-share\" referrerpolicy=\"strict-origin-when-cross-origin\" allowfullscreen><\/iframe>\n<\/div><\/figure>\n","protected":false},"excerpt":{"rendered":"<p>N A T A L I A B I E L E C [&hellip;]<\/p>\n","protected":false},"author":1,"featured_media":0,"parent":0,"menu_order":0,"comment_status":"closed","ping_status":"open","template":"","meta":{"footnotes":""},"class_list":["post-2","page","type-page","status-publish","hentry"],"_links":{"self":[{"href":"https:\/\/www.nataliabielecka.com\/index.php?rest_route=\/wp\/v2\/pages\/2","targetHints":{"allow":["GET"]}}],"collection":[{"href":"https:\/\/www.nataliabielecka.com\/index.php?rest_route=\/wp\/v2\/pages"}],"about":[{"href":"https:\/\/www.nataliabielecka.com\/index.php?rest_route=\/wp\/v2\/types\/page"}],"author":[{"embeddable":true,"href":"https:\/\/www.nataliabielecka.com\/index.php?rest_route=\/wp\/v2\/users\/1"}],"replies":[{"embeddable":true,"href":"https:\/\/www.nataliabielecka.com\/index.php?rest_route=%2Fwp%2Fv2%2Fcomments&post=2"}],"version-history":[{"count":4,"href":"https:\/\/www.nataliabielecka.com\/index.php?rest_route=\/wp\/v2\/pages\/2\/revisions"}],"predecessor-version":[{"id":617,"href":"https:\/\/www.nataliabielecka.com\/index.php?rest_route=\/wp\/v2\/pages\/2\/revisions\/617"}],"wp:attachment":[{"href":"https:\/\/www.nataliabielecka.com\/index.php?rest_route=%2Fwp%2Fv2%2Fmedia&parent=2"}],"curies":[{"name":"wp","href":"https:\/\/api.w.org\/{rel}","templated":true}]}}